{"id":3,"date":"2020-09-22T06:34:45","date_gmt":"2020-09-22T06:34:45","guid":{"rendered":"http:\/\/holaelite.local\/?page_id=3"},"modified":"2020-10-11T18:34:52","modified_gmt":"2020-10-11T18:34:52","slug":"politica-privacidad-aviso-legal","status":"publish","type":"page","link":"https:\/\/holaelite.com\/en\/politica-privacidad-aviso-legal\/","title":{"rendered":"Pol\u00edtica de privacidad y Aviso legal"},"content":{"rendered":"<h6 style=\"text-align: center;\"><b>AVISO LEGAL Y POL\u00cdTICA DE PRIVACIDAD<\/b><\/h6>\n<h6><b>INTRODUCCI\u00d3N<\/b><\/h6>\n<hr \/>\n<p style=\"text-align: justify;\">La presente Pol\u00edtica de Privacidad y \u00abcookies\u00bb (en adelante, la \u201cPol\u00edtica de Privacidad\u201d) proporciona informaci\u00f3n detallada sobre c\u00f3mo <strong>DECOBLU EUROPE, S.L<\/strong> utiliza y protege sus datos personales cuando Usted navega por nuestro sitio web o utilizando nuestra plataforma, as\u00ed como de los derechos que le asisten a este respecto. Esta Pol\u00edtica de Privacidad resulta aplicable al tratamiento de los datos personales que Usted nos proporcione o que obtengamos de Usted cuando acceda y utilice el Sitio Web, ya sea para navegar por el mismo, solicitarnos informaci\u00f3n, ponerse en contacto con nosotros, presentar una candidatura o hacer uso de las funcionalidades o servicios disponibles en el Sitio Web. Se informa a los usuarios que los datos personales que en alg\u00fan momento se nos hagan llegar a trav\u00e9s de los formularios o correo que esta web tiene, as\u00ed como a la hora de darse de alta para acceder a los servicios que ofrece este portal, ser\u00e1n incorporados en un Registro de Tratamientos propiedad y responsabilidad de <strong>DECOBLU EUROPE, S.L.<\/strong> <strong>DECOBLU EUROPE, S.L.<\/strong> respeta su derecho a la privacidad y cumple con la legislaci\u00f3n vigente en materia de protecci\u00f3n de datos de car\u00e1cter personal, incluyendo la Ley Org\u00e1nica 3\/2018, de 5 de diciembre, de Protecci\u00f3n de Datos Personales y garant\u00eda de los derechos digitales, su normativa de desarrollo y cualquier otra norma que pueda modificarla, complementarla o sustituirla en el futuro, as\u00ed como el Reglamento (UE) 2016\/679, del Parlamento Europeo y del Consejo, de 27 de abril de 2016, relativo a la protecci\u00f3n de las personas f\u00edsicas en lo que respecta al tratamiento de datos personales y a la libre circulaci\u00f3n de estos datos. Le recomendamos que revise detenidamente nuestra Pol\u00edtica de Privacidad para asegurarse de que comprende c\u00f3mo se utilizar\u00e1n sus datos personales al navegar por el Sitio Web.<\/p>\n<h6><\/h6>\n<h6><b>2.\u00bfQUI\u00c9N ES RESPONSABLE DEL TRATAMIENTO DE SUS DATOS?<\/b><\/h6>\n<hr \/>\n<p>Responsable del Tratamiento: <strong>DECOBLU EUROPE, S.L.<\/strong> NIF: B70606553, con Domicilio social: RUA ZEPPELIN 21-23, PARCELA 9, NAVE 13, POLIGONO DEL ESPIRITU SANTO, 15650 CAMBRE- CORU\u00d1A \u2013 ESPA\u00d1A Tel\u00e9fono: +34 981276459 Correo electr\u00f3nico: <a href=\"mailto:info@holaelite.com\">info@holaelite.com<\/a><\/p>\n<h6><\/h6>\n<h6><b>3.\u00bfQU\u00c9 ES UN DATO PERSONAL?<\/b><\/h6>\n<hr \/>\n<p>Un dato personal es toda informaci\u00f3n sobre una persona f\u00edsica identificada o identificable.<\/p>\n<h6><\/h6>\n<h6><b>\u00bfQU\u00c9 DATOS PERSONALES TRATAMOS?<\/b><\/h6>\n<hr \/>\n<ol>\n<li>Datos identificativos, nombre, apellidos, documento de identidad, etc.<\/li>\n<li>Datos de contacto: direcci\u00f3n postal, correo electr\u00f3nico, n\u00famero de tel\u00e9fono fijo, n\u00famero de tel\u00e9fono m\u00f3vil, etc.<\/li>\n<li style=\"text-align: justify;\">Datos electr\u00f3nicos: direcci\u00f3n IP, tipo e idioma del navegador, dominio a trav\u00e9s del cual accede al Sitio Web, datos de navegaci\u00f3n, actividad en el Sitio Web. En el caso de los menores de 14 a\u00f1os se requiere el consentimiento de los padres o tutores para el tratamiento de sus datos personales. En ning\u00fan caso se recabar\u00e1n del menor de edad datos relativos a la situaci\u00f3n profesional, econ\u00f3mica o a la intimidad de los otros miembros de la familia, sin el consentimiento de \u00e9stos. Usted garantiza ser mayor de 14 a\u00f1os. Si tiene constancia o sospecha que <strong>DECOBLU EUROPE, S.L.<\/strong> cuenta con datos personales de menores de edad, por favor, p\u00f3ngase en contacto con nosotros a trav\u00e9s del correo electr\u00f3nico: <a href=\"mailto:info@holaelite.com\">info@holaelite.com<\/a> o en la direcci\u00f3n postal: RUA ZEPPELIN 21-23, PARCELA 9, NAVE 13, POLIGONO DEL ESPIRITU SANTO, 15650 CAMBRE- CORU\u00d1A \u2013 ESPA\u00d1A En caso de que el Usuario facilite datos de terceros, manifiesta contar con el consentimiento de estos y se compromete a trasladar al interesado, titular de dichos datos, la informaci\u00f3n contenida en la presente Pol\u00edtica de Privacidad, eximiendo a <strong>DECOBLU EUROPE, S.L.<\/strong> de cualquier responsabilidad en este sentido. No obstante, <strong>DECOBLU EUROPE, S.L.<\/strong> podr\u00e1 llevar a cabo las verificaciones necesarias para constatar este hecho, adoptando las medidas de diligencia debida que correspondan, conforme a la normativa de protecci\u00f3n de datos. Todos los contenidos de este portal Web \/ RRSS (textos, im\u00e1genes, sonidos, animaciones, videos\u2026) son propiedad de <strong>DECOBLU EUROPE, S.L.<\/strong> Cualquier transmisi\u00f3n, distribuci\u00f3n, reproducci\u00f3n, comunicaci\u00f3n p\u00fablica, puesta a disposici\u00f3n, transformaci\u00f3n, manipulaci\u00f3n o almacenamiento, total o parcial, requiere el previo y expreso consentimiento por escrito. Los nombres comerciales, marcas o signos distintivos y dem\u00e1s elementos susceptibles de propiedad industrial son propiedad de <strong>DECOBLU EUROPE, S.L.<\/strong> sin que pueda entenderse que el acceso a la Web atribuya ning\u00fan derecho sobre las mismas. En ning\u00fan caso se entender\u00e1 que, por el acceso a este portal Web, el usuario obtiene licencia o autorizaci\u00f3n para la utilizaci\u00f3n, m\u00e1s all\u00e1 del uso estrictamente privado, de ning\u00fan contenido, informaci\u00f3n o servicio existentes en el portal Web ni sobre ning\u00fan derecho relacionado con ellos, especialmente los de propiedad intelectual e industrial. Salvo autorizaci\u00f3n expresa por escrito, no se permiten enlaces t\u00e9cnicos desde p\u00e1ginas de terceros que den acceso directo a las p\u00e1ginas de <strong>DECOBLU EUROPE, S.L.<\/strong> Este portal Web puede contener dispositivos t\u00e9cnicos de enlace(s) a p\u00e1ginas externas sobre las cuales <strong>DECOBLU EUROPE, S.L,<\/strong> no se responsabiliza en ning\u00fan caso ni respecto de los contenidos ni respecto de cualquier otro aspecto relacionado con dichas p\u00e1ginas o su acceso.<\/li>\n<\/ol>\n<p>&nbsp;<\/p>\n<p><b>INFORMACI\u00d3N Y CONSENTIMIENTO<\/b><\/p>\n<p style=\"text-align: justify;\">Mediante la lectura de la presente Pol\u00edtica de Privacidad, el Usuario queda informado sobre la forma en que, recaba, trata y protege los datos de car\u00e1cter personal que le son facilitados a trav\u00e9s del sitio web, as\u00ed como los propios de su conexi\u00f3n y navegaci\u00f3n a trav\u00e9s del Sitio Web (en adelante, la \u201cnavegaci\u00f3n\u201d) y aquellos otros datos que pueda facilitar en un futuro a trav\u00e9s de Contrato o cualquier otro medio habilitado. El Usuario debe leer con atenci\u00f3n esta Pol\u00edtica de Privacidad, que ha sido redactada de forma clara y sencilla, para facilitar su comprensi\u00f3n, y determinar libre y voluntariamente si desea facilitar sus datos personales, o los de terceros, a <strong>DECOBLU EUROPE, S.L.<\/strong><\/p>\n<p style=\"text-align: justify;\">\u00danicamente estar\u00e1 obligado a proporcionar los datos personales que sean necesarios para que pueda prestarle los servicios o poner a su disposici\u00f3n las funcionalidades del Sitio Web que Usted haya solicitado. Por ejemplo, si Usted desea recibir la Newsletter de <strong>DECOBLU EUROPE, S.L,<\/strong> ser\u00e1 necesario que nos proporcione su correo electr\u00f3nico. Si nos solicita informaci\u00f3n o desea que nos pongamos en contacto con Usted, deber\u00e1 facilitarnos los datos de contacto necesarios a estos efectos. Si Usted no facilita estos datos personales, nos ser\u00eda imposible prestarle nuestros servicios. En cumplimiento de lo dispuesto por Reglamento Europeo UE de Protecci\u00f3n de Datos de Car\u00e1cter Personal, 2016\/679, le informamos que <strong>DECOBLU EUROPE, S.L,<\/strong> cuenta con presencia y v\u00ednculo en Redes Sociales: Facebook, Twitter, etc. y les da uso para mantener informado a sus clientes de los productos, servicios y novedades, as\u00ed como plataforma de inscripci\u00f3n, por todo ello les informamos que; Los datos recogidos mediante dichas redes sociales son tratados conforme a los requisitos legales exigidos en el Reglamento UE de Protecci\u00f3n de Datos, Si usted considera interesante ser nuestro FAN\/SEGUIDOR en este tipo de redes sociales, sepa que por seguirnos usted est\u00e1 cediendo sus datos a dichas plataformas y deber\u00e1 por ello de conocer y aceptar el uso que estas plataformas hacen de sus datos. Si desean dejar de recibir dicha informaci\u00f3n o que esos datos sean cancelados, puedes darte de baja como seguidor de nuestros perfiles en estas redes. Adem\u00e1s, los seguidores en redes sociales podr\u00e1n ejercer los derechos que la Ley les confiere, si bien, puesto que dichas plataformas pertenecen a terceros, las respuestas a los ejercicios de derechos por parte de <strong>DECOBLU EUROPE, S.L<\/strong>, quedar\u00e1n limitadas por las funcionalidades que permita la red social de que se trate, por lo que recomendamos que antes de seguir nuestros perfiles en redes sociales revises las condiciones de uso y pol\u00edticas de privacidad de las mismas. En los formularios disponibles en el Sitio Web se se\u00f1alizar\u00e1n con un asterisco (*) los campos cuya cumplimentaci\u00f3n sea obligatoria. De no facilitar la totalidad de los datos obligatorios o si recibimos cualquier respuesta anormal o incorrecta, no podremos atender su solicitud o prestar el servicio o funcionalidad correspondiente. Al hacer \u201cclick\u201d en el bot\u00f3n \u201cEnviar\u201d (o equivalente) incorporado en nuestros formularios, el usuario declara que la informaci\u00f3n y los datos que en ellos ha facilitado son exactos y veraces. Para que la informaci\u00f3n facilitada est\u00e9 siempre actualizada y no contenga errores, el Usuario deber\u00e1 comunicar, a la mayor brevedad posible, las modificaciones de sus datos de car\u00e1cter personal que se vayan produciendo, as\u00ed co- mo las rectificaciones de datos err\u00f3neos en caso de que detecte alguno. El Usuario garantiza que los datos aportados son verdaderos, exactos, completos y actualizados, siendo responsable de cualquier da\u00f1o o perjuicio, directo o indirecto, que pudiera ocasionarse como consecuencia del incumplimiento de tal obligaci\u00f3n. Asimismo, le indicamos que <strong>DECOBLU EUROPE, S.L<\/strong>, no tratar\u00e1 sus datos para otro fin que no sea \u00fanica y exclusivamente el consentido por el usuario y aceptado, cumpliendo de esta forma el principio de calidad dispuesto en la normativa de Protecci\u00f3n de Datos.<\/p>\n<p>&nbsp;<\/p>\n<p><b>\u00bfPARA QU\u00c9 UTILIZAMOS SUS DATOS PERSONALES? FINALIDADES Y BASES LEGALES PARA EL TRATAMIENTO.<\/b><\/p>\n<p style=\"text-align: justify;\">En general, los datos personales que nos proporciona y que obtenemos de Usted se utilizan para procesar sus solicitudes y transacciones, para proporcionarle un servicio de alta calidad y para informarle sobre oportunidades que creemos que ser\u00e1n de su inter\u00e9s. Las finalidades espec\u00edficas para las cuales tratamos sus datos personales se detallan a continuaci\u00f3n:<\/p>\n<ol start=\"8\">\n<li style=\"text-align: justify;\">Para proporcionarle informaci\u00f3n solicitada por Usted, incluidos presupuestos de productos y servicios. En este caso, la base legal para el tratamiento de sus datos es su consentimiento.<\/li>\n<li style=\"text-align: justify;\">Para remitirle nuestro bolet\u00edn\/Newsletter con informaci\u00f3n, promociones, campa\u00f1as y noticias sobre productos y servicios de DECOBLU EUROPE, S.L, y productos y servicios de terceros. En este caso, la base legal para el tratamiento de sus datos es su consentimiento.<\/li>\n<li style=\"text-align: justify;\">Para darle de alta como cliente, procesar sus transacciones, gestionar la relaci\u00f3n contractual con Usted, remitirle la informaci\u00f3n pertinente sobre productos y servicios, facturaci\u00f3n, cobros y pagos, procesar las transacciones y m\u00e9todos de pago y cualquier comunicaci\u00f3n de servicio o relacionada con su contrato y transacciones. En este caso, la base legal para el tratamiento de sus datos es, en caso de tratarse de un cliente, la ejecuci\u00f3n del contrato de prestaci\u00f3n de servicios.<\/li>\n<li style=\"text-align: justify;\">Si presta su consentimiento, con la finalidad de remitirle comunicaciones comerciales de nuestros productos y servicios, hacerle llegar nuestras publicaciones, encuestas de opini\u00f3n, informaci\u00f3n promocional y publicitaria, y recomendaciones de productos y servicios propios y de terceros, por tel\u00e9fono, correo postal, correo electr\u00f3nico, SMS y MMS. En este caso, la base legal para el tratamiento de sus datos es su consentimiento.<\/li>\n<li style=\"text-align: justify;\">Para garantizar la seguridad de nuestro Sitio Web y de la informaci\u00f3n. En este caso, la base legal para el tratamiento de sus datos es el inter\u00e9s leg\u00edtimo en proporcionar un entorno seguro y evitar da\u00f1os a los sistemas y a la informaci\u00f3n de sus usuarios, as\u00ed como el acceso no autorizado y el uso indebido de los mismos.<\/li>\n<li style=\"text-align: justify;\">En caso de que recibamos curriculums a trav\u00e9s de este medio, procederemos a almacenarlas en nuestros soportes durante un tiempo no superior a un a\u00f1o. Una vez transcurrido este tiempo procederemos a cancelar esos datos. La base legal para conservarlos y tratar sus datos en procesos de selecci\u00f3n ser\u00eda su consentimiento<\/li>\n<li style=\"text-align: justify;\">Utilizamos, previo consentimiento expreso, las fotos, videos, etc. para compartir en la web de\u00a0DECOBLU EUROPE, S.L.<\/li>\n<li style=\"text-align: justify;\">Por lo que se refiere a las finalidades del uso de las cookies, consulte la Pol\u00edtica de Cookies. En este caso, la base legal para el tratamiento de sus datos es su consentimiento. Cuando la base del tratamiento sea el consentimiento, Usted podr\u00e1 revocarlo en cualquier momento envi\u00e1ndonos una comunicaci\u00f3n a info@elitedisenos.com acompa\u00f1ando una copia de su D.N.I. o documento acreditativo de su identidad, indicando su direcci\u00f3n a efectos de comunicaciones y proporcionando los detalles necesarios para procesar su solicitud.<\/li>\n<\/ol>\n<p>&nbsp;<\/p>\n<p><b>COMUNICACIONES COMERCIALES<\/b><\/p>\n<hr \/>\n<p style=\"text-align: justify;\">Tenga en cuenta que recibir informaci\u00f3n comercial no es esencial para mantener la relaci\u00f3n que tenemos con Usted. Si prefiere no recibir comunicaciones comerciales, podr\u00e1 informarnos en cualquier momento por las v\u00edas indicadas o bien darse de baja en el enlace que se facilita a estos efectos en las comunicaciones comerciales por correo electr\u00f3nico que reciba o, si las comunicaciones se remiten por otros medios, a trav\u00e9s del procedimiento que se indique a estos efectos. No se realizar\u00e1n elaboraci\u00f3n de perfiles para uso comercial.<\/p>\n<p>&nbsp;<\/p>\n<p><b>\u00bfCON QUI\u00c9N COMPARTIMOS SUS DATOS PERSONALES?<\/b><\/p>\n<hr \/>\n<p style=\"text-align: justify;\">Los datos del Usuario podr\u00e1n ser comunicados a:<\/p>\n<p style=\"text-align: justify;\">\u2730 Para fines administrativos internos y\/o para las finalidades anteriormente indicadas.<\/p>\n<p style=\"text-align: justify;\">\u2730 Proveedores para el adecuado cumplimiento de las obligaciones legales y\/o<\/p>\n<p style=\"text-align: justify;\">de las finalidades anteriormente indicadas.<\/p>\n<p style=\"text-align: justify;\">\u2730 Autoridades competentes, jueces y tribunales: podr\u00e1 comunicar sus datos personales cuando la cesi\u00f3n est\u00e9 autorizada por ley o sea necesaria para dar cumplimiento a una obligaci\u00f3n legal. Los destinatarios indicados en el presente apartado pueden encontrarse ubicados dentro o fuera del Espacio Econ\u00f3mico Europeo, encontr\u00e1ndose en este \u00faltimo caso debidamente legitimadas las transferencias internacionales de datos.<\/p>\n<p>&nbsp;<\/p>\n<p><b>\u00bfQU\u00c9 MEDIDAS APLICAMOS PARA MANTENER SEGUROS SU DATOS PERSONALES?<\/b><\/p>\n<hr \/>\n<p style=\"text-align: justify;\"><strong>DECOBLU EUROPE, S.L<\/strong>, adopta las medidas t\u00e9cnicas y organizativas adecuadas de conformidad con la normativa vigente para proteger sus datos personales contra cualquier uso indebido, destrucci\u00f3n, p\u00e9rdida, modificaci\u00f3n accidental o il\u00edcita, divulgaci\u00f3n o acceso no autorizado, incluidas las necesarias para tratar cualquier sospecha de violaciones de datos.<\/p>\n<p>&nbsp;<\/p>\n<p><b>\u00bfCU\u00c1NTO TIEMPO CONSERVAMOS SUS DATOS?<\/b><\/p>\n<hr \/>\n<p style=\"text-align: justify;\">Los datos del Usuario ser\u00e1n conservados durante el plazo necesario para el cumplimiento de cada finalidad o hasta que el Usuario solicite su baja, se oponga, solicite su derecho de supresi\u00f3n, la portabilidad o revoque su consentimiento. Despu\u00e9s ser\u00e1n bloqueados, salvo que la ley requiera o permita un periodo de conservaci\u00f3n m\u00e1s largo (por ejemplo, para la formulaci\u00f3n, el ejercicio o la defensa de reclamaciones), en cuyo caso, se conservar\u00e1n debidamente bloqueados durante el tiempo necesario antes de proceder a su eliminaci\u00f3n.<\/p>\n<p>&nbsp;<\/p>\n<p><b>\u00bfCU\u00c1LES SON SUS DERECHOS RESPECTO AL TRATAMIENTO DE SUS DATOS PERSONALES?<\/b><\/p>\n<hr \/>\n<p style=\"text-align: justify;\">De conformidad con la normativa aplicable, Usted tiene una serie de derechos en relaci\u00f3n con la recogida y tratamiento de sus datos personales. El ejercicio de estos derechos ser\u00e1 gratuito para usted, excepto en los casos en que se formulen solicitudes manifiestamente infundadas o excesivas, especialmente por repetitivas.<\/p>\n<p style=\"text-align: justify;\">Estos derechos son los siguientes:<\/p>\n<ul style=\"text-align: justify;\">\n<li>Solicitar el acceso a los datos personales recogidos<\/li>\n<li>Solicitar la rectificaci\u00f3n de aquellos datos err\u00f3neos o que sea necesario actualizar<\/li>\n<li>Solicitar la supresi\u00f3n de sus datos<\/li>\n<li>Solicitar la limitaci\u00f3n de su tratamiento<\/li>\n<li>Oponerse al tratamiento<\/li>\n<li>Solicitar la portabilidad de los datos<\/li>\n<li>Derecho a revocar el consentimiento<\/li>\n<li>Derecho a presentar una reclamaci\u00f3n ante la autoridad de control: http:\/\/www.agpd.es.<\/li>\n<\/ul>\n<p style=\"text-align: justify;\">Podr\u00e1 ejercitar sus derechos envi\u00e1ndonos una comunicaci\u00f3n a info@elitedisenos.com acompa\u00f1ando un documento acreditativo de su identidad y proporcionando los detalles necesarios para procesar su solicitud.<\/p>\n<p>&nbsp;<\/p>\n<p>&nbsp;<\/p>\n<p>&nbsp;<\/p>\n<p>&nbsp;<\/p>\n<p>&nbsp;<\/p>\n","protected":false},"excerpt":{"rendered":"<p>AVISO LEGAL Y POL\u00cdTICA DE PRIVACIDAD INTRODUCCI\u00d3N La presente Pol\u00edtica de Privacidad y \u00abcookies\u00bb (en adelante, la \u201cPol\u00edtica de Privacidad\u201d) proporciona informaci\u00f3n detallada sobre c\u00f3mo DECOBLU EUROPE, S.L utiliza y protege sus datos personales cuando Usted navega por nuestro sitio web o utilizando nuestra plataforma,&#8230;<\/p>\n","protected":false},"author":1,"featured_media":0,"parent":0,"menu_order":0,"comment_status":"closed","ping_status":"open","template":"","meta":[],"aioseo_notices":[],"_links":{"self":[{"href":"https:\/\/holaelite.com\/en\/wp-json\/wp\/v2\/pages\/3"}],"collection":[{"href":"https:\/\/holaelite.com\/en\/wp-json\/wp\/v2\/pages"}],"about":[{"href":"https:\/\/holaelite.com\/en\/wp-json\/wp\/v2\/types\/page"}],"author":[{"embeddable":true,"href":"https:\/\/holaelite.com\/en\/wp-json\/wp\/v2\/users\/1"}],"replies":[{"embeddable":true,"href":"https:\/\/holaelite.com\/en\/wp-json\/wp\/v2\/comments?post=3"}],"version-history":[{"count":3,"href":"https:\/\/holaelite.com\/en\/wp-json\/wp\/v2\/pages\/3\/revisions"}],"predecessor-version":[{"id":932,"href":"https:\/\/holaelite.com\/en\/wp-json\/wp\/v2\/pages\/3\/revisions\/932"}],"wp:attachment":[{"href":"https:\/\/holaelite.com\/en\/wp-json\/wp\/v2\/media?parent=3"}],"curies":[{"name":"wp","href":"https:\/\/api.w.org\/{rel}","templated":true}]}}